{"id":25,"date":"2016-02-04T02:46:32","date_gmt":"2016-02-04T02:46:32","guid":{"rendered":"http:\/\/www.studiov13.pl\/?page_id=25"},"modified":"2018-05-26T15:58:14","modified_gmt":"2018-05-26T14:58:14","slug":"cookies","status":"publish","type":"page","link":"http:\/\/www.studiov13.pl\/?page_id=25","title":{"rendered":"Polityka prywatno\u015bci"},"content":{"rendered":"<h1>O ciasteczkach&#8230;<\/h1>\n<p style=\"text-align: justify;\">Ta strona wykorzystuje ciasteczka&#8230; czyli niewielkie pliki, kt\u00f3re zapisywane s\u0105 na Twoim komputerze. Dzieje si\u0119 tak, poniewa\u017c strona jest oparta o szablon platformy WordPress. W zwi\u0105zku z tym zostawia po sobie takie niewielkie \u015blady, co usprawnia dzia\u0142anie strony i wykorzystywane jest do cel\u00f3w statystycznych. Nie u\u017cywamy ciasteczek, \u017ceby wy\u015bwietla\u0107 Ci reklamy, nie zbieramy te\u017c \u017cadnych danych osobowych za ich pomoc\u0105 &#8211; ot standardowe informacje typu IP, rodzaj przegl\u0105darki, system operacyjny, data i godzina odwiedzin. Nie robiliby\u015bmy nawet tego, gdyby WordPress domy\u015blnie nie korzysta\u0142 z tej technologii. Statystyk nikomu nie przekazujemy. Je\u015bli nie zgadzasz si\u0119 na to, rozwi\u0105zania s\u0105 dwa: wy\u0142\u0105cz obs\u0142ug\u0119 ciasteczek w swojej przegl\u0105darce, lub opu\u015b\u0107 nasz\u0105 stron\u0119.<\/p>\n<h1>Inne dane<\/h1>\n<p style=\"text-align: justify;\">Kiedy kontaktujesz si\u0119 z nami, przekazujesz nam swoje dane. Dane osobowe, ma si\u0119 rozumie\u0107 &#8211; np. imi\u0119, nazwisko, adres poczty elektronicznej, nr telefonu &#8211; ewentualnie inne, kt\u00f3re zdecydujesz si\u0119 poda\u0107. Administratorem tej bazy danych jest Studio V13 Pawe\u0142 Niedzielski, z siedzib\u0105 w Cz\u0119stochowie przy Al. Armii Krajowej 53\/124 to\u017csamy z Inspektorem Ochrony Danych Osobowych. Cho\u0107 pisanie o bazie danych jest nieco na wyrost. Dlaczego? Nie gromadzimy tych danych w jakich\u015b wymy\u015blnych zestawieniach, nie przechowujemy ich d\u0142u\u017cej ni\u017c to konieczne, by zrealizowa\u0107 zlecenie czy odpowiedzie\u0107 na zapytanie. Dane nie podlegaj\u0105 profilowaniu i innym niecnym operacjom, o kt\u00f3rych m\u00f3wi\u0105 aktualne przepisy, a kt\u00f3re to s\u0105 obwarowane obowi\u0105zkiem informacyjnym. Zasadniczo profil naszej dzia\u0142alno\u015bci, a tak\u017ce czasy, w kt\u00f3rych wszyscy \u017cyjemy, skazuj\u0105 nas na to, \u017ce w jaki\u015b spos\u00f3b z danymi si\u0119 stykamy. Natomiast bior\u0105c pod uwag\u0119 stan prawny woleliby\u015bmy si\u0119 z nimi nie styka\u0107. Przede wszystkim jednak nie musisz si\u0119 obawia\u0107 o kluczow\u0105 kwesti\u0119: Twoje dane nie zostan\u0105 przekazane \u017cadnym podmiotom zewn\u0119trznym. Chyba, \u017ce z uzasadnionych przyczyn poprosi o nie policja (czy inna instancja wymiaru sprawiedliwo\u015bci) lub GIODO, RODO b\u0105d\u017a jakakolwiek inna instytucja, urz\u0119dnik czy jeszcze inny uprawniony organ, kt\u00f3rym uzna za stosowne obdarowa\u0107 nas ja\u015bnie ustawodawca. W takim wypadku nie b\u0119dziemy mieli wyj\u015bcia i pozostanie nam dane przekaza\u0107. Natomiast Twoich danych nie otrzyma od nas nikt, kto chcia\u0142by ich u\u017cy\u0107 do prywatnych, czy te\u017c zarobkowych, cel\u00f3w. Nie przyczyniamy si\u0119 do rozsy\u0142ania spamu. Po prostu nie. W razie pyta\u0144 napisz do nas &#8211; udzielimy odpowiedzi.<\/p>\n<h1>S\u0142\u00f3wko o RODO<\/h1>\n<p style=\"text-align: justify;\">Ustawodawca spe\u0142niaj\u0105c wymogi UE obdarowa\u0142 nas nowym dobrem, kt\u00f3re w za\u0142o\u017ceniu mia\u0142o nam wszystkim u\u0142atwi\u0107 \u017cycie i da\u0107 nowe prawa. Sko\u0144czy\u0142o si\u0119 na tym, \u017ce mamy nowe obowi\u0105zki, nasze \u017cycie napotka\u0142o nowe trudno\u015bci, a dotychczas legalna dzia\u0142alno\u015b\u0107 zosta\u0142a poddana penalizacji. Czyli typowo, jak to w socjalizmie bywa. Celem uchronienia si\u0119 przed skutkami tych wspania\u0142ych regulacji publikujemy poni\u017cej polityk\u0119 prywatno\u015bci zgodn\u0105 z przepisami dotycz\u0105cymi ochrony danych osobowych, tj. z zapisami Rozporz\u0105dzenia Parlamentu Europejskiego i Rady (UE) 2016\/679 z dnia 27 kwietnia 2016 r. w sprawie ochrony os\u00f3b fizycznych w zwi\u0105zku z\u00a0przetwarzaniem danych osobowych i w sprawie swobodnego przep\u0142ywu takich danych oraz uchylenia dyrektywy 95\/46\/WE (og\u00f3lne rozporz\u0105dzenie o ochronie danych) &#8211; dalej: &#8222;RODO&#8221;\u00a0.<\/p>\n<ol>\n<li>Administratorem danych osobowych jest<strong>\u00a0Studio V13 Pawe\u0142 Niedzielski\u00a0<\/strong>z\u00a0siedzib\u0105 w Cz\u0119stochowie przy Al. Armii Krajowej 53\/124.<\/li>\n<li>Dane kontaktowe:<strong>\u00a0<\/strong>Studio V13 Al. Armii Krajowej 53\/124, 42-215 Cz\u0119stochowa. NIP 8982096683. Tel.: 603 250 440.<\/li>\n<li>Zaszczytn\u0105 funkcj\u0119 <strong>Inspektora Ochrony Danych Osobowych<\/strong> w Studio V13 sprawuje w\u0142a\u015bciciel w osobie Paw\u0142a Niedzielskiego. Kontakt z <strong>IODO<\/strong> mo\u017cliwy jest za po\u015brednictwem email: biuro@studiov13.pl<\/li>\n<li>Studio V13 przetwarza dane osobowe w celu odpowiedzi na zapytania skierowane w sprawie us\u0142ug \u015bwiadczonych przez firm\u0119, realizacji zlece\u0144 oraz prowadzenia ksi\u0105g podatkowych oraz dokumentacji wymaganych przepisami odr\u0119bnymi.<\/li>\n<li>Podanie danych osobowych jest dobrowolne, lecz niezb\u0119dne do realizacji us\u0142ug oraz obowi\u0105zk\u00f3w wynikaj\u0105cych z przepis\u00f3w odr\u0119bnych. Dane osobowe przetwarzane b\u0119d\u0105 przez okres niezb\u0119dny do udzielenia odpowiedzi na zapytanie lub realizacji zlecenia, a po tym okresie dla cel\u00f3w i przez czas oraz w zakresie wymaganym przez przepisy prawa lub dla zabezpieczenia ewentualnych roszcze\u0144, lub do czasu cofni\u0119cia udzielonej zgody.<\/li>\n<li>Odbiorcami danych osobowych b\u0119d\u0105:\n<ul>\n<li>podmiot dostarczaj\u0105cy i wspieraj\u0105cy teleinformatyczny system ksi\u0119gowy: IFIRMA SA z siedzib\u0105 we Wroc\u0142awiu, ul. Grabiszy\u0144ska 241B, 53-234 Wroc\u0142aw;<\/li>\n<li>podmiot dostarczaj\u0105cy i wspieraj\u0105cy system teleinformatyczny obs\u0142uguj\u0105cy poczt\u0119 elektroniczn\u0105 oraz stron\u0119 internetow\u0105: zenbox sp. z o.o. ul. D\u0105browskiego 7 42-200 Cz\u0119stochowa;<\/li>\n<li>podmioty \u015bwiadcz\u0105ce us\u0142ugi zwi\u0105zane z bie\u017c\u0105c\u0105 dzia\u0142alno\u015bci\u0105\u00a0Studio V13 na podstawie zawartych um\u00f3w powierzenia przetwarzania danych osobowych zgodnie z art. 28 RODO;<\/li>\n<li>uprawnione organy pa\u0144stwowe na podstawie pisemnego wniosku.<\/li>\n<\/ul>\n<\/li>\n<\/ol>\n<ol start=\"7\">\n<li>Ka\u017cdej osobie, w zakresie wynikaj\u0105cym z przepis\u00f3w prawa, przys\u0142uguje prawo do dost\u0119pu do swoich danych oraz ich sprostowania, usuni\u0119cia lub ograniczenia przetwarzania, prawo wniesienia sprzeciwu wobec przetwarzania, prawo do przenoszenia danych, a tak\u017ce prawo cofni\u0119cia udzielonej zgody w dowolnym momencie. Cofni\u0119cie zgody nie ma wp\u0142ywu na zgodno\u015b\u0107 z prawem przetwarzania, kt\u00f3rego dokonano na podstawie zgody przed jej cofni\u0119ciem.<\/li>\n<li>W przypadku w\u0105tpliwo\u015bci zwi\u0105zanych z przetwarzaniem danych osobowych ka\u017cda osoba mo\u017ce zwr\u00f3ci\u0107 si\u0119 do Studio V13 z pro\u015bb\u0105 o udzielenie informacji.<\/li>\n<li>Niezale\u017cnie od powy\u017cszego ka\u017cdej osobie, kt\u00f3rej dane przetwarzamy, przys\u0142uguje prawo wniesienia skargi do organu nadzorczego \u2013 Prezesa Urz\u0119du Ochrony Danych Osobowych.<\/li>\n<\/ol>\n","protected":false},"excerpt":{"rendered":"<p>O ciasteczkach&#8230; Ta strona wykorzystuje ciasteczka&#8230; czyli niewielkie pliki, kt\u00f3re zapisywane s\u0105 na Twoim komputerze. Dzieje si\u0119 tak, poniewa\u017c strona [&hellip;]<\/p>\n","protected":false},"author":1,"featured_media":0,"parent":0,"menu_order":0,"comment_status":"closed","ping_status":"closed","template":"template-full-custom.php","meta":{"footnotes":""},"class_list":["post-25","page","type-page","status-publish","hentry"],"_links":{"self":[{"href":"http:\/\/www.studiov13.pl\/index.php?rest_route=\/wp\/v2\/pages\/25"}],"collection":[{"href":"http:\/\/www.studiov13.pl\/index.php?rest_route=\/wp\/v2\/pages"}],"about":[{"href":"http:\/\/www.studiov13.pl\/index.php?rest_route=\/wp\/v2\/types\/page"}],"author":[{"embeddable":true,"href":"http:\/\/www.studiov13.pl\/index.php?rest_route=\/wp\/v2\/users\/1"}],"replies":[{"embeddable":true,"href":"http:\/\/www.studiov13.pl\/index.php?rest_route=%2Fwp%2Fv2%2Fcomments&post=25"}],"version-history":[{"count":10,"href":"http:\/\/www.studiov13.pl\/index.php?rest_route=\/wp\/v2\/pages\/25\/revisions"}],"predecessor-version":[{"id":395,"href":"http:\/\/www.studiov13.pl\/index.php?rest_route=\/wp\/v2\/pages\/25\/revisions\/395"}],"wp:attachment":[{"href":"http:\/\/www.studiov13.pl\/index.php?rest_route=%2Fwp%2Fv2%2Fmedia&parent=25"}],"curies":[{"name":"wp","href":"https:\/\/api.w.org\/{rel}","templated":true}]}}