{"id":261,"date":"2017-07-26T23:20:21","date_gmt":"2017-07-26T22:20:21","guid":{"rendered":"http:\/\/www.studiov13.pl\/?page_id=261"},"modified":"2019-04-07T01:37:39","modified_gmt":"2019-04-07T00:37:39","slug":"realizacje","status":"publish","type":"page","link":"http:\/\/www.studiov13.pl\/?page_id=261","title":{"rendered":"Realizacje"},"content":{"rendered":"<p style=\"text-align: justify;\">W tej cz\u0119\u015bci chcieliby\u015bmy przedstawi\u0107\u00a0wybrane realizacje naszych projekt\u00f3w. Kolejno\u015b\u0107 prezentacji przyj\u0119li\u015bmy od najnowszych do najstarszych realizacji. Zapraszamy do zapoznania si\u0119 z kr\u00f3tkimi opisami poszczeg\u00f3lnych inwestycji oraz fotografiami obrazuj\u0105cymi efekt naszych dzia\u0142a\u0144 projektowych i dokona\u0144 wykonawc\u00f3w.<\/p>\n","protected":false},"excerpt":{"rendered":"<p>W tej cz\u0119\u015bci chcieliby\u015bmy przedstawi\u0107\u00a0wybrane realizacje naszych projekt\u00f3w. Kolejno\u015b\u0107 prezentacji przyj\u0119li\u015bmy od najnowszych do najstarszych realizacji. Zapraszamy do zapoznania si\u0119 [&hellip;]<\/p>\n","protected":false},"author":1,"featured_media":0,"parent":0,"menu_order":0,"comment_status":"closed","ping_status":"closed","template":"template-portfolio-gallery.php","meta":{"footnotes":""},"class_list":["post-261","page","type-page","status-publish","hentry"],"_links":{"self":[{"href":"http:\/\/www.studiov13.pl\/index.php?rest_route=\/wp\/v2\/pages\/261"}],"collection":[{"href":"http:\/\/www.studiov13.pl\/index.php?rest_route=\/wp\/v2\/pages"}],"about":[{"href":"http:\/\/www.studiov13.pl\/index.php?rest_route=\/wp\/v2\/types\/page"}],"author":[{"embeddable":true,"href":"http:\/\/www.studiov13.pl\/index.php?rest_route=\/wp\/v2\/users\/1"}],"replies":[{"embeddable":true,"href":"http:\/\/www.studiov13.pl\/index.php?rest_route=%2Fwp%2Fv2%2Fcomments&post=261"}],"version-history":[{"count":5,"href":"http:\/\/www.studiov13.pl\/index.php?rest_route=\/wp\/v2\/pages\/261\/revisions"}],"predecessor-version":[{"id":304,"href":"http:\/\/www.studiov13.pl\/index.php?rest_route=\/wp\/v2\/pages\/261\/revisions\/304"}],"wp:attachment":[{"href":"http:\/\/www.studiov13.pl\/index.php?rest_route=%2Fwp%2Fv2%2Fmedia&parent=261"}],"curies":[{"name":"wp","href":"https:\/\/api.w.org\/{rel}","templated":true}]}}