{"id":40,"date":"2016-02-06T00:15:25","date_gmt":"2016-02-06T00:15:25","guid":{"rendered":"http:\/\/www.studiov13.pl\/?page_id=40"},"modified":"2018-05-26T15:04:55","modified_gmt":"2018-05-26T14:04:55","slug":"kontakt","status":"publish","type":"page","link":"http:\/\/www.studiov13.pl\/?page_id=40","title":{"rendered":"Kontakt"},"content":{"rendered":"<style type=\"text\/css\" id=\"gmpMapStyles_1_30095\">\r\n\t#google_map_easy_1_30095 {\r\n        width: 100%;\r\n        height: 300px;\r\n\t\t\t\t\t\t    }\r\n\t#gmapControlsNum_1_30095 {\r\n\t\twidth:100%\t}\r\n\t.gmpMapDetailsContainer#gmpMapDetailsContainer_1_30095 {\r\n\t\theight:300px;\r\n\t}\r\n\t.gmp_MapPreview#google_map_easy_1_30095 {\r\n\t\t\/*position:absolute;*\/\r\n\t\twidth: 100%;\r\n\t}\r\n\t#mapConElem_1_30095{\r\n\t\twidth: 100%\t}\r\n    .gm-style .gm-style-iw-c{\r\n        padding: 12px!important;\r\n    }\r\n\t    <\/style>\r\n <div class=\"gmp_map_opts\" id=\"mapConElem_1_30095\" data-id=\"1\" data-view-id=\"1_30095\" > <div class=\"gmpMapDetailsContainer\" id=\"gmpMapDetailsContainer_1_30095\"> <i class=\"gmpKMLLayersPreloader fa fa-spinner fa-spin\" aria-hidden=\"true\" style=\"display: none;\"><\/i> <div class=\"gmp_MapPreview \" id=\"google_map_easy_1_30095\"><\/div> <\/div> <div class=\"gmpMapMarkerFilters\" id=\"gmpMapMarkerFilters_1_30095\"> <\/div> <div class=\"gmpMapProControlsCon\" id=\"gmpMapProControlsCon_1_30095\"> <a title=\"WordPress Google Maps\" style=\"display:none;\" href=\"https:\/\/supsystic.com\/plugins\/google-maps-plugin\/?utm_medium=love_link_hide\" target=\"_blank\">WordPress Google Maps<\/a><div style=\"clear: both;\"><\/div> <\/div> <div class=\"gmpMapProDirectionsCon\" id=\"gmpMapProDirectionsCon_1_30095\" > <\/div> <div class=\"gmpMapProKmlFilterCon\" id=\"gmpMapProKmlFilterCon_1_30095\" > <\/div> <div class=\"gmpSocialSharingShell gmpSocialSharingShell_1_30095\"> <\/div> <div style=\"clear: both;\"><\/div> <\/div> \n<p>&nbsp;<\/p>\n<div class=\"section-full-width section-dark parallax-fixed\" style=\"background-color:#ffffff;\" id=\"skontaktujsi\u0119znami\"><div style=\"background-image:url(http:\/\/www.studiov13.pl\/wp-content\/uploads\/2016\/02\/r18_IMG_5964_2.jpg); opacity:1; filter: alpha(opacity=100);\" class=\"full-bg-image\" ><\/div><div class=\"section-boxed\" style=\"color:#ffffff;\"><h2 class=\"section-title\" style=\"color:#ffffff;\">Skontaktuj si\u0119 z nami<\/h2><\/p>\n<div class=\"cols-wrapper cols-2\">\n<div class=\"col\">\n<h3 class=\"page-heading\">Dane kontaktowe<\/h3>\n<p>Studio V13<br \/>\nPawe\u0142 Niedzielski<br \/>\nAl. Armii Krajowej 53\/124<br \/>\n42-215 Cz\u0119stochowa<\/p>\n<p>NIP: 8982096683<\/p>\n<p>GSM: +48 603 250 440<br \/>\nE-MAIL: biuro@studiov13.pl<\/p>\n<\/div>\n<div class=\"col nomargin\">\n<h3 class=\"page-heading\" style=\"text-align: right;\">Jak to zrobi\u0107?<\/h3>\n<p style=\"text-align: right;\">\u00a0Najpro\u015bciej b\u0119dzie po prostu napisa\u0107 do nas maila &#8211; podali\u015bmy adres. Mo\u017cesz zadzwoni\u0107. Mo\u017cesz nawet napisa\u0107 tradycyjny list. Je\u015bli masz czas, mo\u017cesz nas nawet odwiedzi\u0107 (w\u00f3wczas pocz\u0119stujemy Ci\u0119 dobr\u0105 kaw\u0105), cho\u0107 w tym wypadku zalecamy wcze\u015bniejsze um\u00f3wienie terminu. Je\u015bli zatem masz do nas jakie\u015b pytania &#8211; skontaktuj si\u0119 z nami.<\/p>\n<\/div>\n<\/div>\n<p>\n<\/div><\/div>\n<p>&nbsp;<\/p>\n","protected":false},"excerpt":{"rendered":"<p>&nbsp; &nbsp;<\/p>\n","protected":false},"author":1,"featured_media":0,"parent":0,"menu_order":0,"comment_status":"closed","ping_status":"closed","template":"template-full-custom.php","meta":{"footnotes":""},"class_list":["post-40","page","type-page","status-publish","hentry"],"_links":{"self":[{"href":"http:\/\/www.studiov13.pl\/index.php?rest_route=\/wp\/v2\/pages\/40"}],"collection":[{"href":"http:\/\/www.studiov13.pl\/index.php?rest_route=\/wp\/v2\/pages"}],"about":[{"href":"http:\/\/www.studiov13.pl\/index.php?rest_route=\/wp\/v2\/types\/page"}],"author":[{"embeddable":true,"href":"http:\/\/www.studiov13.pl\/index.php?rest_route=\/wp\/v2\/users\/1"}],"replies":[{"embeddable":true,"href":"http:\/\/www.studiov13.pl\/index.php?rest_route=%2Fwp%2Fv2%2Fcomments&post=40"}],"version-history":[{"count":21,"href":"http:\/\/www.studiov13.pl\/index.php?rest_route=\/wp\/v2\/pages\/40\/revisions"}],"predecessor-version":[{"id":394,"href":"http:\/\/www.studiov13.pl\/index.php?rest_route=\/wp\/v2\/pages\/40\/revisions\/394"}],"wp:attachment":[{"href":"http:\/\/www.studiov13.pl\/index.php?rest_route=%2Fwp%2Fv2%2Fmedia&parent=40"}],"curies":[{"name":"wp","href":"https:\/\/api.w.org\/{rel}","templated":true}]}}